{"id":3,"date":"2020-07-08T20:24:33","date_gmt":"2020-07-08T18:24:33","guid":{"rendered":"https:\/\/eco-forum.it\/2022\/?page_id=3"},"modified":"2023-04-12T09:42:13","modified_gmt":"2023-04-12T07:42:13","slug":"privacy-policy","status":"publish","type":"page","link":"https:\/\/eco-forum.it\/2022\/privacy-policy\/","title":{"rendered":"Privacy Policy"},"content":{"rendered":"\r\n<p>Con la presente Vi informiamo che, ai sensi degli art. 13 e 14 del Regolamento UE 679\/2016 (di seguito \u2018GDPR\u2019), i Vostri dati a noi conferiti attraverso l\u2019utilizzo del sito web <strong><em>www.staging.eco-forum.it\/2022 <\/em><\/strong>(di seguito, anche solo \u201cSito\u201d) saranno trattati come segue, nel rispetto dei principi di correttezza, liceit\u00e0, trasparenza e di tutela della Vostra riservatezza e dei Vostri diritti. La presente informativa fornisce all\u2019utente (Interessato al trattamento) ogni ulteriore informazione necessaria ad assicurare un trattamento corretto e trasparente, in relazione al contesto specifico in cui i dati personali sono raccolti e successivamente trattati.<\/p>\r\n<p>La presente informativa e\u0300 resa solo per il Sito e i sottodomini ad esso correlati e non anche per i siti web di terze parti accessibili tramite eventuali collegamenti ipertestuali (link) contenuti nel Sito, di cui il Titolare del trattamento non e\u0300 in alcun modo responsabile. Per tali trattamenti dovr\u00e0 essere fornita, da parte dei rispettivi titolari, autonoma informativa.<\/p>\r\n<p>&nbsp;<\/p>\r\n<p><strong>Titolare del trattamento <\/strong><\/p>\r\n<p>Il Titolare del trattamento \u00e8 <em>Editoriale La Nuova Ecologia soc. coop.<\/em> (Via Salaria n.403, 00199 Roma (ROMA)- P. IVA: 04937721001), nella persona del suo legale rappresentante pro tempore; per questioni connesse al trattamento dei dati personali o per esercitare i Vostri diritti, Lei potr\u00e0 contattarci al seguente indirizzo di posta elettronica: <a href=\"mailto:privacy@lanuovaecologia.it\">privacy@lanuovaecologia.it<\/a>.<\/p>\r\n<p><strong>Finalit\u00e0 del trattamento <\/strong><\/p>\r\n<p>I Vostri dati verranno trattati per le seguenti finalit\u00e0:<\/p>\r\n<ol>\r\n<li>monitorare il funzionamento tecnico e le prestazioni del sito;<\/li>\r\n<li>ottenere informazioni statistiche sull&#8217;uso dei servizi (pagine pi\u00f9 visitate, numero di visitatori per fascia oraria o giornaliera, aree geografiche di provenienza);<\/li>\r\n<li>rispondere alle richieste pervenute mediante i contatti presenti sul sito e\/o tramite il form alla pagina \u201ccontatti\u201d.<\/li>\r\n<\/ol>\r\n<p>&nbsp;<\/p>\r\n<p><strong>Base giuridica del trattamento e Natura obbligatoria o facoltativa del conferimento dei dati <\/strong><\/p>\r\n<p>Il Titolare tratta i vostri dati di navigazione anonimi al fine di monitorare il funzionamento tecnico e le prestazioni del sito, per capire come migliorare i servizi e farli evolvere. Tali dati sono necessari a garantire l\u2019erogazione del sito.<\/p>\r\n<p>L&#8217;invio facoltativo, esplicito e volontario di messaggi agli indirizzi di contatto, comportano l&#8217;acquisizione dei dati di contatto del mittente, necessari a rispondere, nonch\u00e9 di tutti i dati personali inclusi nelle comunicazioni.<\/p>\r\n<p>&nbsp;<\/p>\r\n<p><strong>Modalit\u00e0 del trattamento<\/strong><\/p>\r\n<p>Il trattamento sar\u00e0\u0300 effettuato mediante strumenti cartacei e\/o informatici, anche a mezzo di soggetti a ci\u00f2\u0300 autorizzati, che operano sotto la diretta autorit\u00e0\u0300 e secondo le istruzioni impartite dal Titolare, con logiche strettamente correlate alle finalit\u00e0\u0300 indicate e, comunque, in modo da garantire la sicurezza e la riservatezza dei dati trattati.<\/p>\r\n<p>Le operazioni di trattamento sono svolte in modo da garantire la sicurezza dei dati e dei sistemi. Sono adottate specifiche misure di sicurezza al fine di ridurre al minimo i rischi di distruzione o di perdita, anche accidentale, dei dati stessi, di accesso non autorizzato, di trattamento non consentito o non conforme rispetto alle finalit\u00e0\u0300 indicate nella presente informativa. In particolare, il Sito utilizza il protocollo HTTPS per l\u2019autenticazione del server e la cifratura del canale di comunicazione. Le misure di sicurezza adottate, tuttavia, non consentono di escludere in via assoluta i rischi di intercettazione o compromissione dei dati personali trasmessi con strumenti telematici. Si raccomanda, pertanto, di verificare che il dispositivo in uso all\u2019utente sia dotato di sistemi software adeguati per la protezione della trasmissione telematica di dati, sia in entrata, che in uscita (come, ad esempio, sistemi antivirus aggiornati, firewall e filtri antispam).<\/p>\r\n<p>&nbsp;<\/p>\r\n<p><strong>Destinatari dei dati personali<\/strong><\/p>\r\n<p>Oltre al Titolare i vostri dati saranno trattati unicamente da personale espressamente autorizzato dal Titolare, a cui sono state consegnate adeguate istruzioni e la nomina ad incaricati al trattamento e a soggetti esterni (gestore sito, hosting provider, altri fornitori di servizi tecnici terzi) nominati anche, se necessario, Responsabili del Trattamento da parte del Titolare. L\u2019elenco aggiornato dei Responsabili potr\u00e0 sempre essere richiesto al Titolare del Trattamento.<\/p>\r\n<p>Resta salva l\u2019eventuale comunicazione dei dati su richiesta dell\u2019Autorit\u00e0\u0300 giudiziaria o di pubblica sicurezza, nei modi e nei casi previsti dalla legge.<\/p>\r\n<p>&nbsp;<\/p>\r\n<p><strong>Diffusione<\/strong><\/p>\r\n<p>Nessun dato personale derivante dal servizio web viene diffuso.<\/p>\r\n<p>&nbsp;<\/p>\r\n<p><strong>Trasferimento dei dati personali verso paesi terzi o organizzazioni internazionali<\/strong><\/p>\r\n<p>I Vostri dati verranno trasferiti in paesi al di fuori dello Spazio Economico Europeo (SEE) per gli archivi in cloud di memorizzazione e sincronizzazione online dei dati e per l\u2019archivio di posta elettronica di cui si avvale il Titolare per la gestione delle attivit\u00e0 connesse e strumentali al sito e ai servizi offerti. In tal caso, i dati personali non saranno trasferiti verso Paesi o Organizzazioni internazionali non appartenenti all\u2019Unione Europea che non garantiscono un livello di protezione adeguato, riconosciuto, ai sensi dell\u2019art. 45 GDPR, sulla base di una decisione di adeguatezza della Commissione UE. Nel caso in cui si renda necessario per l\u2019erogazione dei servizi del Sito, il trasferimento dei dati personali verso Paesi o Organizzazioni internazionali extra UE, per cui la Commissione non abbia adottato alcuna decisione di adeguatezza ai sensi dell\u2019art. 45 GDPR, avra\u0300 luogo solo in presenza di garanzie adeguate fornite dal Paese o dall\u2019Organizzazione destinatari, ai sensi dell\u2019art. 46 GDPR e a condizione che gli interessati dispongano di diritti azionabili e mezzi di ricorso effettivi. In mancanza di una decisione di adeguatezza della Commissione, ai sensi dell\u2019art. 45 GDPR, o di garanzie adeguate, ai sensi dell\u2019art. 46 GDPR, comprese le norme vincolanti d\u2019impresa, il trasferimento transfrontaliero avr\u00e0\u0300 luogo soltanto se si verifica una delle condizioni indicate all\u2019art. 49 GDPR.<\/p>\r\n<p>Per qualsiasi informazione in merito a tale punto pu\u00f2 contattarci ai recapiti che trova nella presente informativa.<\/p>\r\n<p>&nbsp;<\/p>\r\n<p><strong>Categorie dei dati e Periodo di conservazione<\/strong><\/p>\r\n<p>I dati trattati possono essere:<\/p>\r\n<ol>\r\n<li>a) <em>Dati di navigazione<\/em><\/li>\r\n<\/ol>\r\n<p>I dati di navigazione, raccolti con modalit\u00e0\u0300 automatiche, esclusivamente al fine di ottenere informazioni statistiche aggregate e rese anonime relative all\u2019uso del Sito (tra cui, a titolo esemplificativo, indirizzi IP, orari di navigazione, dati geografici e altri parametri relativi al sistema operativo e all\u2019ambiente informatico dell\u2019utente); tali informazioni potrebbero tuttavia, anche attraverso elaborazioni e\/o associazioni con altri dati, detenuti dal provider o da terzi, consentire di risalire all\u2019identit\u00e0\u0300 dell\u2019utente, nonch\u00e9 essere utilizzati per l\u2019accertamento di eventuali responsabilit\u00e0 in caso di ipotetici reati informatici ai danni del sito o, comunque, connessi alla navigazione su eventuali link.<\/p>\r\n<ol>\r\n<li><em>b) Cookie<\/em><\/li>\r\n<\/ol>\r\n<p>Il presente sito utilizza cookies o marcatori, che tecnicamente sono pacchetti di informazioni inviate da un web server (in questo caso, dal presente sito) al browser dell\u2019utente e da quest\u2019ultimo memorizzati sul proprio dispositivo (personal computer, tablet, cellulare, ecc.) e rinviati automaticamente al server ad ogni successivo accesso al sito. Per conoscere tipologia e finalit\u00e0 dei cookie utilizzati \u00e8 possibile consultare l\u2019apposita <a href=\"https:\/\/www.iubenda.com\/privacy-policy\/26748236\/cookie-policy\" target=\"_blank\" rel=\"noopener\"><u>Cookie Policy<\/u><\/a> presente sul sito.<\/p>\r\n<ol>\r\n<li>c) <em>Plugin Social Network<\/em><\/li>\r\n<\/ol>\r\n<p>Il presente sito incorpora anche plugin e\/o bottoni per i social network, al fine di consentire una facile condivisione dei contenuti. Tali plugin sono programmati in modo da non impostare alcun cookie all&#8217;accesso della pagina, per salvaguardare la privacy degli utenti. Eventualmente i cookie vengono impostati, se cos\u00ec previsto dai social network, solo quando l&#8217;utente fa effettivo e volontario uso del plugin. Si tenga presente che se l&#8217;utente naviga essendo loggato nel social network allora ha gi\u00e0 acconsentito all&#8217;uso dei cookie veicolati tramite questo sito al momento dell&#8217;iscrizione al social network.<\/p>\r\n<ol>\r\n<li><em>c) Dati forniti volontariamente dagli utenti\/visitatori <\/em><\/li>\r\n<\/ol>\r\n<p>Qualora collegandovi a questo sito deciderete, laddove previsto, di inviare i vostri dati personali (per esempio: nome, cognome, indirizzo email) per accedere a determinati servizi, ovvero, per effettuare richieste via posta elettronica, il Titolare tratter\u00e0 tali dati per rispondere alla vostra richiesta, in conformit\u00e0 con la presente informativa. I dati forniti dall\u2019utente potranno essere acquisiti e memorizzati dal Titolare, in forma elettronica, per le finalit\u00e0\u0300 connesse alla loro raccolta tramite il Sito e non verranno utilizzati per attivit\u00e0\u0300 di profilazione o di marketing diretto. L\u2019invio, facoltativo e volontario, di messaggi di posta elettronica agli indirizzi indicati sul Sito, in particolare, comporta l\u2019acquisizione e il conseguente trattamento dell\u2019indirizzo del mittente e degli eventuali altri dati personali presenti nel messaggio, nella misura necessaria a fornire riscontro alle richieste dell\u2019Interessato.<\/p>\r\n<p>&nbsp;<\/p>\r\n<p><strong>Diritti dell\u2019interessato<\/strong><\/p>\r\n<p>Il GDPR riconosce all\u2019interessato diversi diritti, che pu\u00f2 esercitare contattando il Titolare ai recapiti indicati nella presente informativa, purch\u00e9 ne ricorrano i presupposti di volta in volta previsti dalla normativa:<\/p>\r\n<ul>\r\n<li><strong>accedere ai propri Dati:<\/strong> ha diritto ad ottenere informazioni sui Dati trattati dal Titolare, su determinati aspetti del trattamento ed a ricevere una copia dei Dati trattati.<\/li>\r\n<li><strong>verificare e chiedere la rettificazione:<\/strong> pu\u00f2 verificare la correttezza dei propri Dati e richiederne l\u2019aggiornamento o la correzione.<\/li>\r\n<li><strong>ottenere la cancellazione o rimozione dei propri Dati Personali:<\/strong> quando ricorrono determinate condizioni, Lei pu\u00f2 richiedere la cancellazione dei propri Dati da parte del Titolare.<\/li>\r\n<li><strong>revocare il consenso in ogni momento<\/strong>: pu\u00f2 revocare il consenso al trattamento dei propri Dati Personali precedentemente espresso.<\/li>\r\n<li><strong>opporsi al trattamento dei propri Dati<\/strong>: pu\u00f2 opporsi al trattamento dei propri Dati quando esso avviene su una base giuridica diversa dal consenso.<\/li>\r\n<li><strong>ottenere la limitazione del trattamento:<\/strong> quando ricorrono determinate condizioni, Lei pu\u00f2 richiedere la limitazione del trattamento dei propri Dati.<\/li>\r\n<li><strong>ottenere la portabilit\u00e0 dei dati:<\/strong> ha diritto di ricevere i propri Dati in formato strutturato, di uso comune e leggibile da dispositivo automatico e, ove tecnicamente fattibile, di ottenerne il trasferimento senza ostacoli ad un altro titolare. Questa disposizione \u00e8 applicabile quando i Dati sono trattati con strumenti automatizzati ed il trattamento \u00e8 basato sul consenso, su un contratto di cui Lei \u00e8 parte o su misure contrattuali ad esso connesse.<\/li>\r\n<li><strong>proporre reclamo:<\/strong> pu\u00f2 proporre un reclamo all\u2019autorit\u00e0 di controllo della protezione dei dati personali competente o agire in sede giudiziale.<\/li>\r\n<\/ul>\r\n<p>&nbsp;<\/p>\r\n<p><strong>Come esercitare i diritti<\/strong><\/p>\r\n<p>Per esercitare i vostri diritti, potete indirizzare qualsiasi richiesta agli estremi di contatto del Titolare indicati in questo documento. Le richieste sono depositate a titolo gratuito ed evase dal Titolare nel pi\u00f9 breve tempo possibile, in ogni caso entro un mese.<\/p>\r\n<p>L\u2019Interessato puo\u0300 avvalersi, per l\u2019esercizio dei suoi diritti, di organismi, organizzazioni o associazioni senza scopo di lucro, i cui obiettivi statutari siano di pubblico interesse e che siano attivi nel settore della protezione dei diritti e delle liberta\u0300 degli Interessati con riguardo alla protezione dei dati personali, conferendo, a tal fine, idoneo mandato. L\u2019Interessato puo\u0300, altresi\u0300, farsi assistere da una persona di fiducia.<\/p>\r\n<p>Per conoscere i propri diritti, proporre un reclamo\/segnalazione\/ricorso ed essere sempre aggiornato sulla normativa in materia di tutela delle persone rispetto al trattamento dei dati personali, l\u2019Interessato puo\u0300 rivolgersi all\u2019Autorita\u0300 Garante per la protezione dei dati personali, consultando il sito web all\u2019indirizzo <a href=\"http:\/\/www.garanteprivacy.it\/\">http:\/\/www.garanteprivacy.it\/<\/a>.<\/p>\r\n","protected":false},"excerpt":{"rendered":"<p>Con la presente Vi informiamo che, ai sensi degli art. 13 e 14 del Regolamento UE 679\/2016 (di seguito \u2018GDPR\u2019), i Vostri dati a noi conferiti attraverso l\u2019utilizzo del sito web www.staging.eco-forum.it\/2022 (di seguito, anche solo \u201cSito\u201d) saranno trattati come segue, nel rispetto dei principi di correttezza, liceit\u00e0, trasparenza e di tutela della Vostra riservatezza [&hellip;]<\/p>\n","protected":false},"author":1,"featured_media":0,"parent":0,"menu_order":0,"comment_status":"closed","ping_status":"open","template":"","meta":{"footnotes":""},"class_list":["post-3","page","type-page","status-publish","hentry"],"yoast_head":"<!-- This site is optimized with the Yoast SEO plugin v27.3 - https:\/\/yoast.com\/product\/yoast-seo-wordpress\/ -->\n<title>Privacy Policy - EcoForum 2022<\/title>\n<meta name=\"robots\" content=\"index, follow, max-snippet:-1, max-image-preview:large, max-video-preview:-1\" \/>\n<link rel=\"canonical\" href=\"https:\/\/eco-forum.it\/2022\/privacy-policy\/\" \/>\n<meta property=\"og:locale\" content=\"it_IT\" \/>\n<meta property=\"og:type\" content=\"article\" \/>\n<meta property=\"og:title\" content=\"Privacy Policy - EcoForum 2022\" \/>\n<meta property=\"og:description\" content=\"Con la presente Vi informiamo che, ai sensi degli art. 13 e 14 del Regolamento UE 679\/2016 (di seguito \u2018GDPR\u2019), i Vostri dati a noi conferiti attraverso l\u2019utilizzo del sito web www.staging.eco-forum.it\/2022 (di seguito, anche solo \u201cSito\u201d) saranno trattati come segue, nel rispetto dei principi di correttezza, liceit\u00e0, trasparenza e di tutela della Vostra riservatezza [&hellip;]\" \/>\n<meta property=\"og:url\" content=\"https:\/\/eco-forum.it\/2022\/privacy-policy\/\" \/>\n<meta property=\"og:site_name\" content=\"EcoForum 2022\" \/>\n<meta property=\"article:modified_time\" content=\"2023-04-12T07:42:13+00:00\" \/>\n<meta name=\"twitter:card\" content=\"summary_large_image\" \/>\n<meta name=\"twitter:label1\" content=\"Tempo di lettura stimato\" \/>\n\t<meta name=\"twitter:data1\" content=\"9 minuti\" \/>\n<script type=\"application\/ld+json\" class=\"yoast-schema-graph\">{\"@context\":\"https:\\\/\\\/schema.org\",\"@graph\":[{\"@type\":\"WebPage\",\"@id\":\"https:\\\/\\\/eco-forum.it\\\/2022\\\/privacy-policy\\\/\",\"url\":\"https:\\\/\\\/eco-forum.it\\\/2022\\\/privacy-policy\\\/\",\"name\":\"Privacy Policy - EcoForum 2022\",\"isPartOf\":{\"@id\":\"https:\\\/\\\/eco-forum.it\\\/2022\\\/#website\"},\"datePublished\":\"2020-07-08T18:24:33+00:00\",\"dateModified\":\"2023-04-12T07:42:13+00:00\",\"breadcrumb\":{\"@id\":\"https:\\\/\\\/eco-forum.it\\\/2022\\\/privacy-policy\\\/#breadcrumb\"},\"inLanguage\":\"it-IT\",\"potentialAction\":[{\"@type\":\"ReadAction\",\"target\":[\"https:\\\/\\\/eco-forum.it\\\/2022\\\/privacy-policy\\\/\"]}]},{\"@type\":\"BreadcrumbList\",\"@id\":\"https:\\\/\\\/eco-forum.it\\\/2022\\\/privacy-policy\\\/#breadcrumb\",\"itemListElement\":[{\"@type\":\"ListItem\",\"position\":1,\"name\":\"Home\",\"item\":\"https:\\\/\\\/eco-forum.it\\\/2022\\\/\"},{\"@type\":\"ListItem\",\"position\":2,\"name\":\"Privacy Policy\"}]},{\"@type\":\"WebSite\",\"@id\":\"https:\\\/\\\/eco-forum.it\\\/2022\\\/#website\",\"url\":\"https:\\\/\\\/eco-forum.it\\\/2022\\\/\",\"name\":\"EcoForum 2022\",\"description\":\"Il forum dell&#039;economia circolare\",\"publisher\":{\"@id\":\"https:\\\/\\\/eco-forum.it\\\/2022\\\/#organization\"},\"potentialAction\":[{\"@type\":\"SearchAction\",\"target\":{\"@type\":\"EntryPoint\",\"urlTemplate\":\"https:\\\/\\\/eco-forum.it\\\/2022\\\/?s={search_term_string}\"},\"query-input\":{\"@type\":\"PropertyValueSpecification\",\"valueRequired\":true,\"valueName\":\"search_term_string\"}}],\"inLanguage\":\"it-IT\"},{\"@type\":\"Organization\",\"@id\":\"https:\\\/\\\/eco-forum.it\\\/2022\\\/#organization\",\"name\":\"EcoForum 2022\",\"url\":\"https:\\\/\\\/eco-forum.it\\\/2022\\\/\",\"logo\":{\"@type\":\"ImageObject\",\"inLanguage\":\"it-IT\",\"@id\":\"https:\\\/\\\/eco-forum.it\\\/2022\\\/#\\\/schema\\\/logo\\\/image\\\/\",\"url\":\"https:\\\/\\\/eco-forum.it\\\/2022\\\/wp-content\\\/uploads\\\/sites\\\/16\\\/2025\\\/05\\\/cropped-ecoforumIXEdizione.png\",\"contentUrl\":\"https:\\\/\\\/eco-forum.it\\\/2022\\\/wp-content\\\/uploads\\\/sites\\\/16\\\/2025\\\/05\\\/cropped-ecoforumIXEdizione.png\",\"width\":2182,\"height\":583,\"caption\":\"EcoForum 2022\"},\"image\":{\"@id\":\"https:\\\/\\\/eco-forum.it\\\/2022\\\/#\\\/schema\\\/logo\\\/image\\\/\"}}]}<\/script>\n<!-- \/ Yoast SEO plugin. -->","yoast_head_json":{"title":"Privacy Policy - EcoForum 2022","robots":{"index":"index","follow":"follow","max-snippet":"max-snippet:-1","max-image-preview":"max-image-preview:large","max-video-preview":"max-video-preview:-1"},"canonical":"https:\/\/eco-forum.it\/2022\/privacy-policy\/","og_locale":"it_IT","og_type":"article","og_title":"Privacy Policy - EcoForum 2022","og_description":"Con la presente Vi informiamo che, ai sensi degli art. 13 e 14 del Regolamento UE 679\/2016 (di seguito \u2018GDPR\u2019), i Vostri dati a noi conferiti attraverso l\u2019utilizzo del sito web www.staging.eco-forum.it\/2022 (di seguito, anche solo \u201cSito\u201d) saranno trattati come segue, nel rispetto dei principi di correttezza, liceit\u00e0, trasparenza e di tutela della Vostra riservatezza [&hellip;]","og_url":"https:\/\/eco-forum.it\/2022\/privacy-policy\/","og_site_name":"EcoForum 2022","article_modified_time":"2023-04-12T07:42:13+00:00","twitter_card":"summary_large_image","twitter_misc":{"Tempo di lettura stimato":"9 minuti"},"schema":{"@context":"https:\/\/schema.org","@graph":[{"@type":"WebPage","@id":"https:\/\/eco-forum.it\/2022\/privacy-policy\/","url":"https:\/\/eco-forum.it\/2022\/privacy-policy\/","name":"Privacy Policy - EcoForum 2022","isPartOf":{"@id":"https:\/\/eco-forum.it\/2022\/#website"},"datePublished":"2020-07-08T18:24:33+00:00","dateModified":"2023-04-12T07:42:13+00:00","breadcrumb":{"@id":"https:\/\/eco-forum.it\/2022\/privacy-policy\/#breadcrumb"},"inLanguage":"it-IT","potentialAction":[{"@type":"ReadAction","target":["https:\/\/eco-forum.it\/2022\/privacy-policy\/"]}]},{"@type":"BreadcrumbList","@id":"https:\/\/eco-forum.it\/2022\/privacy-policy\/#breadcrumb","itemListElement":[{"@type":"ListItem","position":1,"name":"Home","item":"https:\/\/eco-forum.it\/2022\/"},{"@type":"ListItem","position":2,"name":"Privacy Policy"}]},{"@type":"WebSite","@id":"https:\/\/eco-forum.it\/2022\/#website","url":"https:\/\/eco-forum.it\/2022\/","name":"EcoForum 2022","description":"Il forum dell&#039;economia circolare","publisher":{"@id":"https:\/\/eco-forum.it\/2022\/#organization"},"potentialAction":[{"@type":"SearchAction","target":{"@type":"EntryPoint","urlTemplate":"https:\/\/eco-forum.it\/2022\/?s={search_term_string}"},"query-input":{"@type":"PropertyValueSpecification","valueRequired":true,"valueName":"search_term_string"}}],"inLanguage":"it-IT"},{"@type":"Organization","@id":"https:\/\/eco-forum.it\/2022\/#organization","name":"EcoForum 2022","url":"https:\/\/eco-forum.it\/2022\/","logo":{"@type":"ImageObject","inLanguage":"it-IT","@id":"https:\/\/eco-forum.it\/2022\/#\/schema\/logo\/image\/","url":"https:\/\/eco-forum.it\/2022\/wp-content\/uploads\/sites\/16\/2025\/05\/cropped-ecoforumIXEdizione.png","contentUrl":"https:\/\/eco-forum.it\/2022\/wp-content\/uploads\/sites\/16\/2025\/05\/cropped-ecoforumIXEdizione.png","width":2182,"height":583,"caption":"EcoForum 2022"},"image":{"@id":"https:\/\/eco-forum.it\/2022\/#\/schema\/logo\/image\/"}}]}},"_links":{"self":[{"href":"https:\/\/eco-forum.it\/2022\/wp-json\/wp\/v2\/pages\/3","targetHints":{"allow":["GET"]}}],"collection":[{"href":"https:\/\/eco-forum.it\/2022\/wp-json\/wp\/v2\/pages"}],"about":[{"href":"https:\/\/eco-forum.it\/2022\/wp-json\/wp\/v2\/types\/page"}],"author":[{"embeddable":true,"href":"https:\/\/eco-forum.it\/2022\/wp-json\/wp\/v2\/users\/1"}],"replies":[{"embeddable":true,"href":"https:\/\/eco-forum.it\/2022\/wp-json\/wp\/v2\/comments?post=3"}],"version-history":[{"count":0,"href":"https:\/\/eco-forum.it\/2022\/wp-json\/wp\/v2\/pages\/3\/revisions"}],"wp:attachment":[{"href":"https:\/\/eco-forum.it\/2022\/wp-json\/wp\/v2\/media?parent=3"}],"curies":[{"name":"wp","href":"https:\/\/api.w.org\/{rel}","templated":true}]}}